{"id":18,"date":"2019-05-13T00:24:36","date_gmt":"2019-05-12T22:24:36","guid":{"rendered":"http:\/\/kamenickepracemares.cz\/?page_id=18"},"modified":"2019-05-16T01:17:33","modified_gmt":"2019-05-15T23:17:33","slug":"kontakt","status":"publish","type":"page","link":"https:\/\/kamenickepracemares.cz\/index.php\/kontakt\/","title":{"rendered":"Kontakt"},"content":{"rendered":"\n<p>Jakub Mare\u0161<\/p>\n\n\n\n<p>Obora u Cerhonic 41<\/p>\n\n\n\n<p>398 04 \u010cIMELICE<\/p>\n\n\n\n<p>I\u010cO: 08078637<\/p>\n\n\n\n<p><\/p>\n","protected":false},"excerpt":{"rendered":"<p>Jakub Mare\u0161 Obora u Cerhonic 41 398 04 \u010cIMELICE I\u010cO: 08078637<\/p>\n","protected":false},"author":2,"featured_media":0,"parent":0,"menu_order":0,"comment_status":"closed","ping_status":"closed","template":"","meta":{"_exactmetrics_skip_tracking":false,"_exactmetrics_sitenote_active":false,"_exactmetrics_sitenote_note":"","_exactmetrics_sitenote_category":0,"ngg_post_thumbnail":0},"_links":{"self":[{"href":"https:\/\/kamenickepracemares.cz\/index.php\/wp-json\/wp\/v2\/pages\/18"}],"collection":[{"href":"https:\/\/kamenickepracemares.cz\/index.php\/wp-json\/wp\/v2\/pages"}],"about":[{"href":"https:\/\/kamenickepracemares.cz\/index.php\/wp-json\/wp\/v2\/types\/page"}],"author":[{"embeddable":true,"href":"https:\/\/kamenickepracemares.cz\/index.php\/wp-json\/wp\/v2\/users\/2"}],"replies":[{"embeddable":true,"href":"https:\/\/kamenickepracemares.cz\/index.php\/wp-json\/wp\/v2\/comments?post=18"}],"version-history":[{"count":5,"href":"https:\/\/kamenickepracemares.cz\/index.php\/wp-json\/wp\/v2\/pages\/18\/revisions"}],"predecessor-version":[{"id":101,"href":"https:\/\/kamenickepracemares.cz\/index.php\/wp-json\/wp\/v2\/pages\/18\/revisions\/101"}],"wp:attachment":[{"href":"https:\/\/kamenickepracemares.cz\/index.php\/wp-json\/wp\/v2\/media?parent=18"}],"curies":[{"name":"wp","href":"https:\/\/api.w.org\/{rel}","templated":true}]}}