{"id":17,"date":"2019-05-13T00:24:36","date_gmt":"2019-05-12T22:24:36","guid":{"rendered":"http:\/\/kamenickepracemares.cz\/?page_id=17"},"modified":"2023-02-20T20:27:02","modified_gmt":"2023-02-20T19:27:02","slug":"o-nas","status":"publish","type":"page","link":"https:\/\/kamenickepracemares.cz\/index.php\/o-nas\/","title":{"rendered":"Cena pr\u00e1ce"},"content":{"rendered":"\n<p><\/p>\n\n\n\n<p><\/p>\n\n\n\n<p>Orienta\u010dn\u00ed cena pr\u00e1ce za vyzd\u011bn\u00ed vysp\u00e1rovan\u00e9 zdi z kamene do betonu se pohybuje okolo 2500,- K\u010d za 1m2 pohledov\u00e9 strany.  Je nutn\u00e9 vytvo\u0159it individ\u00e1ln\u00ed nab\u00eddku dle po\u017eadavk\u016f na stavbu.<\/p>\n\n\n\n<p><\/p>\n\n\n\n<p><\/p>\n\n\n\n<p><\/p>\n","protected":false},"excerpt":{"rendered":"<p>Orienta\u010dn\u00ed cena pr\u00e1ce za vyzd\u011bn\u00ed vysp\u00e1rovan\u00e9 zdi z kamene do betonu se pohybuje okolo 2500,- K\u010d za 1m2 pohledov\u00e9 strany. Je nutn\u00e9 [&hellip;]<\/p>\n","protected":false},"author":2,"featured_media":0,"parent":0,"menu_order":0,"comment_status":"closed","ping_status":"closed","template":"","meta":{"_exactmetrics_skip_tracking":false,"_exactmetrics_sitenote_active":false,"_exactmetrics_sitenote_note":"","_exactmetrics_sitenote_category":0,"ngg_post_thumbnail":0},"_links":{"self":[{"href":"https:\/\/kamenickepracemares.cz\/index.php\/wp-json\/wp\/v2\/pages\/17"}],"collection":[{"href":"https:\/\/kamenickepracemares.cz\/index.php\/wp-json\/wp\/v2\/pages"}],"about":[{"href":"https:\/\/kamenickepracemares.cz\/index.php\/wp-json\/wp\/v2\/types\/page"}],"author":[{"embeddable":true,"href":"https:\/\/kamenickepracemares.cz\/index.php\/wp-json\/wp\/v2\/users\/2"}],"replies":[{"embeddable":true,"href":"https:\/\/kamenickepracemares.cz\/index.php\/wp-json\/wp\/v2\/comments?post=17"}],"version-history":[{"count":18,"href":"https:\/\/kamenickepracemares.cz\/index.php\/wp-json\/wp\/v2\/pages\/17\/revisions"}],"predecessor-version":[{"id":254,"href":"https:\/\/kamenickepracemares.cz\/index.php\/wp-json\/wp\/v2\/pages\/17\/revisions\/254"}],"wp:attachment":[{"href":"https:\/\/kamenickepracemares.cz\/index.php\/wp-json\/wp\/v2\/media?parent=17"}],"curies":[{"name":"wp","href":"https:\/\/api.w.org\/{rel}","templated":true}]}}