{"id":16,"date":"2019-05-13T00:24:36","date_gmt":"2019-05-12T22:24:36","guid":{"rendered":"http:\/\/kamenickepracemares.cz\/?page_id=16"},"modified":"2023-02-21T22:45:09","modified_gmt":"2023-02-21T21:45:09","slug":"domu","status":"publish","type":"page","link":"https:\/\/kamenickepracemares.cz\/","title":{"rendered":"V\u00edtejte"},"content":{"rendered":"\n<p>Nab\u00edz\u00edm pr\u00e1ci s kamenem<\/p>\n\n\n\n<p>Stavby kamenn\u00fdch zd\u00ed, plot\u016f, chodn\u00edk\u016f atd.<\/p>\n\n\n\n<p>Pro Va\u0161\u00ed p\u0159edstavu o kvalit\u011b pr\u00e1ce, pros\u00edm, zhl\u00e9dn\u011bte fotogalerii<\/p>\n\n\n\n<p>P\u016fsob\u00edm na p\u00edsecku<\/p>\n\n\n\n<figure class=\"is-layout-flex wp-block-gallery-1 wp-block-gallery has-nested-images columns-default is-cropped\">\n<figure class=\"wp-block-image\"><img decoding=\"async\" loading=\"lazy\" width=\"1024\" height=\"768\" data-id=\"32\"  src=\"http:\/\/kamenickepracemares.cz\/wp-content\/uploads\/2019\/05\/P9220134-1024x768.jpg\" alt=\"\" class=\"wp-image-32\" srcset=\"https:\/\/kamenickepracemares.cz\/wp-content\/uploads\/2019\/05\/P9220134-1024x768.jpg 1024w, https:\/\/kamenickepracemares.cz\/wp-content\/uploads\/2019\/05\/P9220134-300x225.jpg 300w, https:\/\/kamenickepracemares.cz\/wp-content\/uploads\/2019\/05\/P9220134-768x576.jpg 768w\" sizes=\"(max-width: 1024px) 100vw, 1024px\" \/><\/figure>\n\n\n\n<figure class=\"wp-block-image\"><img decoding=\"async\" loading=\"lazy\" width=\"1024\" height=\"768\" data-id=\"31\"  src=\"http:\/\/kamenickepracemares.cz\/wp-content\/uploads\/2019\/05\/P9220132-1024x768.jpg\" alt=\"\" class=\"wp-image-31\" srcset=\"https:\/\/kamenickepracemares.cz\/wp-content\/uploads\/2019\/05\/P9220132-1024x768.jpg 1024w, https:\/\/kamenickepracemares.cz\/wp-content\/uploads\/2019\/05\/P9220132-300x225.jpg 300w, https:\/\/kamenickepracemares.cz\/wp-content\/uploads\/2019\/05\/P9220132-768x576.jpg 768w\" sizes=\"(max-width: 1024px) 100vw, 1024px\" \/><\/figure>\n\n\n\n<figure class=\"wp-block-image\"><img decoding=\"async\" loading=\"lazy\" width=\"1024\" height=\"768\" data-id=\"30\"  src=\"http:\/\/kamenickepracemares.cz\/wp-content\/uploads\/2019\/05\/P6190136-1024x768.jpg\" alt=\"\" class=\"wp-image-30\" srcset=\"https:\/\/kamenickepracemares.cz\/wp-content\/uploads\/2019\/05\/P6190136-1024x768.jpg 1024w, https:\/\/kamenickepracemares.cz\/wp-content\/uploads\/2019\/05\/P6190136-300x225.jpg 300w, https:\/\/kamenickepracemares.cz\/wp-content\/uploads\/2019\/05\/P6190136-768x576.jpg 768w\" sizes=\"(max-width: 1024px) 100vw, 1024px\" \/><\/figure>\n\n\n\n<figure class=\"wp-block-image\"><img decoding=\"async\" loading=\"lazy\" width=\"1024\" height=\"575\" data-id=\"12\"  src=\"http:\/\/kamenickepracemares.cz\/wp-content\/uploads\/2019\/05\/Pr\u00e1ce-s-kamenem-8-1024x575.jpg\" alt=\"\" class=\"wp-image-12\" srcset=\"https:\/\/kamenickepracemares.cz\/wp-content\/uploads\/2019\/05\/Pr\u00e1ce-s-kamenem-8-1024x575.jpg 1024w, https:\/\/kamenickepracemares.cz\/wp-content\/uploads\/2019\/05\/Pr\u00e1ce-s-kamenem-8-300x169.jpg 300w, https:\/\/kamenickepracemares.cz\/wp-content\/uploads\/2019\/05\/Pr\u00e1ce-s-kamenem-8-768x431.jpg 768w\" sizes=\"(max-width: 1024px) 100vw, 1024px\" \/><\/figure>\n\n\n\n<figure class=\"wp-block-image\"><img decoding=\"async\" loading=\"lazy\" width=\"1024\" height=\"768\" data-id=\"29\"  src=\"http:\/\/kamenickepracemares.cz\/wp-content\/uploads\/2019\/05\/P6190135-1024x768.jpg\" alt=\"\" class=\"wp-image-29\" srcset=\"https:\/\/kamenickepracemares.cz\/wp-content\/uploads\/2019\/05\/P6190135-1024x768.jpg 1024w, https:\/\/kamenickepracemares.cz\/wp-content\/uploads\/2019\/05\/P6190135-300x225.jpg 300w, https:\/\/kamenickepracemares.cz\/wp-content\/uploads\/2019\/05\/P6190135-768x576.jpg 768w\" sizes=\"(max-width: 1024px) 100vw, 1024px\" \/><\/figure>\n\n\n\n<figure class=\"wp-block-image\"><img decoding=\"async\" loading=\"lazy\" width=\"1024\" height=\"768\" data-id=\"28\"  src=\"http:\/\/kamenickepracemares.cz\/wp-content\/uploads\/2019\/05\/P5160155-1024x768.jpg\" alt=\"\" class=\"wp-image-28\" srcset=\"https:\/\/kamenickepracemares.cz\/wp-content\/uploads\/2019\/05\/P5160155-1024x768.jpg 1024w, https:\/\/kamenickepracemares.cz\/wp-content\/uploads\/2019\/05\/P5160155-300x225.jpg 300w, https:\/\/kamenickepracemares.cz\/wp-content\/uploads\/2019\/05\/P5160155-768x576.jpg 768w\" sizes=\"(max-width: 1024px) 100vw, 1024px\" \/><\/figure>\n\n\n\n<figure class=\"wp-block-image\"><img decoding=\"async\" loading=\"lazy\" width=\"1024\" height=\"768\" data-id=\"27\"  src=\"http:\/\/kamenickepracemares.cz\/wp-content\/uploads\/2019\/05\/P5160154-1024x768.jpg\" alt=\"\" class=\"wp-image-27\" srcset=\"https:\/\/kamenickepracemares.cz\/wp-content\/uploads\/2019\/05\/P5160154-1024x768.jpg 1024w, https:\/\/kamenickepracemares.cz\/wp-content\/uploads\/2019\/05\/P5160154-300x225.jpg 300w, https:\/\/kamenickepracemares.cz\/wp-content\/uploads\/2019\/05\/P5160154-768x576.jpg 768w\" sizes=\"(max-width: 1024px) 100vw, 1024px\" \/><\/figure>\n\n\n\n<figure class=\"wp-block-image\"><img decoding=\"async\" loading=\"lazy\" width=\"1024\" height=\"683\" data-id=\"26\"  src=\"http:\/\/kamenickepracemares.cz\/wp-content\/uploads\/2019\/05\/DSC0009-1024x683.jpg\" alt=\"\" class=\"wp-image-26\" srcset=\"https:\/\/kamenickepracemares.cz\/wp-content\/uploads\/2019\/05\/DSC0009-1024x683.jpg 1024w, https:\/\/kamenickepracemares.cz\/wp-content\/uploads\/2019\/05\/DSC0009-300x200.jpg 300w, https:\/\/kamenickepracemares.cz\/wp-content\/uploads\/2019\/05\/DSC0009-768x512.jpg 768w\" sizes=\"(max-width: 1024px) 100vw, 1024px\" \/><\/figure>\n\n\n\n<figure class=\"wp-block-image\"><img decoding=\"async\" loading=\"lazy\" width=\"1024\" height=\"683\" data-id=\"25\"  src=\"http:\/\/kamenickepracemares.cz\/wp-content\/uploads\/2019\/05\/DSC0005-1024x683.jpg\" alt=\"\" class=\"wp-image-25\" srcset=\"https:\/\/kamenickepracemares.cz\/wp-content\/uploads\/2019\/05\/DSC0005-1024x683.jpg 1024w, https:\/\/kamenickepracemares.cz\/wp-content\/uploads\/2019\/05\/DSC0005-300x200.jpg 300w, https:\/\/kamenickepracemares.cz\/wp-content\/uploads\/2019\/05\/DSC0005-768x512.jpg 768w\" sizes=\"(max-width: 1024px) 100vw, 1024px\" \/><\/figure>\n\n\n\n<figure class=\"wp-block-image\"><img decoding=\"async\" loading=\"lazy\" width=\"1024\" height=\"683\" data-id=\"24\"  src=\"http:\/\/kamenickepracemares.cz\/wp-content\/uploads\/2019\/05\/DSC0003-1024x683.jpg\" alt=\"\" class=\"wp-image-24\" srcset=\"https:\/\/kamenickepracemares.cz\/wp-content\/uploads\/2019\/05\/DSC0003-1024x683.jpg 1024w, https:\/\/kamenickepracemares.cz\/wp-content\/uploads\/2019\/05\/DSC0003-300x200.jpg 300w, https:\/\/kamenickepracemares.cz\/wp-content\/uploads\/2019\/05\/DSC0003-768x512.jpg 768w\" sizes=\"(max-width: 1024px) 100vw, 1024px\" \/><\/figure>\n\n\n\n<figure class=\"wp-block-image\"><img decoding=\"async\" loading=\"lazy\" width=\"1024\" height=\"683\" data-id=\"23\"  src=\"http:\/\/kamenickepracemares.cz\/wp-content\/uploads\/2019\/05\/DSC0001-1024x683.jpg\" alt=\"\" class=\"wp-image-23\" srcset=\"https:\/\/kamenickepracemares.cz\/wp-content\/uploads\/2019\/05\/DSC0001-1024x683.jpg 1024w, https:\/\/kamenickepracemares.cz\/wp-content\/uploads\/2019\/05\/DSC0001-300x200.jpg 300w, https:\/\/kamenickepracemares.cz\/wp-content\/uploads\/2019\/05\/DSC0001-768x512.jpg 768w\" sizes=\"(max-width: 1024px) 100vw, 1024px\" \/><\/figure>\n\n\n\n<figure class=\"wp-block-image\"><img decoding=\"async\" loading=\"lazy\" width=\"1024\" height=\"555\" data-id=\"103\"  src=\"http:\/\/kamenickepracemares.cz\/wp-content\/uploads\/2019\/05\/IMG_20190515_183735_577-1024x555.jpg\" alt=\"\" class=\"wp-image-103\" srcset=\"https:\/\/kamenickepracemares.cz\/wp-content\/uploads\/2019\/05\/IMG_20190515_183735_577-1024x555.jpg 1024w, https:\/\/kamenickepracemares.cz\/wp-content\/uploads\/2019\/05\/IMG_20190515_183735_577-300x162.jpg 300w, https:\/\/kamenickepracemares.cz\/wp-content\/uploads\/2019\/05\/IMG_20190515_183735_577-768x416.jpg 768w, https:\/\/kamenickepracemares.cz\/wp-content\/uploads\/2019\/05\/IMG_20190515_183735_577-830x450.jpg 830w, https:\/\/kamenickepracemares.cz\/wp-content\/uploads\/2019\/05\/IMG_20190515_183735_577-230x125.jpg 230w, https:\/\/kamenickepracemares.cz\/wp-content\/uploads\/2019\/05\/IMG_20190515_183735_577-350x190.jpg 350w, https:\/\/kamenickepracemares.cz\/wp-content\/uploads\/2019\/05\/IMG_20190515_183735_577-480x260.jpg 480w, https:\/\/kamenickepracemares.cz\/wp-content\/uploads\/2019\/05\/IMG_20190515_183735_577.jpg 1789w\" sizes=\"(max-width: 1024px) 100vw, 1024px\" \/><\/figure>\n\n\n\n<figure class=\"wp-block-image\"><img decoding=\"async\" loading=\"lazy\" width=\"1024\" height=\"607\" data-id=\"110\"  src=\"http:\/\/kamenickepracemares.cz\/wp-content\/uploads\/2019\/05\/IMG_20190515_183837_672-2-1024x607.jpg\" alt=\"\" class=\"wp-image-110\" srcset=\"https:\/\/kamenickepracemares.cz\/wp-content\/uploads\/2019\/05\/IMG_20190515_183837_672-2-1024x607.jpg 1024w, https:\/\/kamenickepracemares.cz\/wp-content\/uploads\/2019\/05\/IMG_20190515_183837_672-2-300x178.jpg 300w, https:\/\/kamenickepracemares.cz\/wp-content\/uploads\/2019\/05\/IMG_20190515_183837_672-2-768x455.jpg 768w, https:\/\/kamenickepracemares.cz\/wp-content\/uploads\/2019\/05\/IMG_20190515_183837_672-2-830x492.jpg 830w, https:\/\/kamenickepracemares.cz\/wp-content\/uploads\/2019\/05\/IMG_20190515_183837_672-2-230x136.jpg 230w, https:\/\/kamenickepracemares.cz\/wp-content\/uploads\/2019\/05\/IMG_20190515_183837_672-2-350x208.jpg 350w, https:\/\/kamenickepracemares.cz\/wp-content\/uploads\/2019\/05\/IMG_20190515_183837_672-2-480x285.jpg 480w, https:\/\/kamenickepracemares.cz\/wp-content\/uploads\/2019\/05\/IMG_20190515_183837_672-2.jpg 1843w\" sizes=\"(max-width: 1024px) 100vw, 1024px\" \/><\/figure>\n<\/figure>\n","protected":false},"excerpt":{"rendered":"<p>Nab\u00edz\u00edm pr\u00e1ci s kamenem Stavby kamenn\u00fdch zd\u00ed, plot\u016f, chodn\u00edk\u016f atd. Pro Va\u0161\u00ed p\u0159edstavu o kvalit\u011b pr\u00e1ce, pros\u00edm, zhl\u00e9dn\u011bte fotogalerii P\u016fsob\u00edm na p\u00edsecku<\/p>\n","protected":false},"author":2,"featured_media":0,"parent":0,"menu_order":0,"comment_status":"closed","ping_status":"closed","template":"","meta":{"_exactmetrics_skip_tracking":false,"_exactmetrics_sitenote_active":false,"_exactmetrics_sitenote_note":"","_exactmetrics_sitenote_category":0,"ngg_post_thumbnail":0},"_links":{"self":[{"href":"https:\/\/kamenickepracemares.cz\/index.php\/wp-json\/wp\/v2\/pages\/16"}],"collection":[{"href":"https:\/\/kamenickepracemares.cz\/index.php\/wp-json\/wp\/v2\/pages"}],"about":[{"href":"https:\/\/kamenickepracemares.cz\/index.php\/wp-json\/wp\/v2\/types\/page"}],"author":[{"embeddable":true,"href":"https:\/\/kamenickepracemares.cz\/index.php\/wp-json\/wp\/v2\/users\/2"}],"replies":[{"embeddable":true,"href":"https:\/\/kamenickepracemares.cz\/index.php\/wp-json\/wp\/v2\/comments?post=16"}],"version-history":[{"count":20,"href":"https:\/\/kamenickepracemares.cz\/index.php\/wp-json\/wp\/v2\/pages\/16\/revisions"}],"predecessor-version":[{"id":259,"href":"https:\/\/kamenickepracemares.cz\/index.php\/wp-json\/wp\/v2\/pages\/16\/revisions\/259"}],"wp:attachment":[{"href":"https:\/\/kamenickepracemares.cz\/index.php\/wp-json\/wp\/v2\/media?parent=16"}],"curies":[{"name":"wp","href":"https:\/\/api.w.org\/{rel}","templated":true}]}}